{"id":217,"date":"2025-10-29T09:53:51","date_gmt":"2025-10-29T09:53:51","guid":{"rendered":"https:\/\/dcslogistica.es\/?page_id=217"},"modified":"2025-11-03T08:54:52","modified_gmt":"2025-11-03T08:54:52","slug":"nosotros","status":"publish","type":"page","link":"https:\/\/dcslogistica.es\/en\/nosotros\/","title":{"rendered":"About Us"},"content":{"rendered":"<div data-elementor-type=\"wp-page\" data-elementor-id=\"217\" class=\"elementor elementor-217\">\n\t\t\t\t<div class=\"elementor-element elementor-element-5ecaa74a e-con-full e-flex e-con e-parent\" data-id=\"5ecaa74a\" data-element_type=\"container\" data-settings=\"{&quot;background_background&quot;:&quot;classic&quot;,&quot;animation&quot;:&quot;none&quot;}\">\n\t\t\t\t<div class=\"elementor-element elementor-element-7c40fb3e elementor-widget__width-initial animated-slow elementor-invisible elementor-widget elementor-widget-gum_heading\" data-id=\"7c40fb3e\" data-element_type=\"widget\" data-settings=\"{&quot;_animation&quot;:&quot;fadeInUp&quot;}\" data-widget_type=\"gum_heading.default\">\n\t\t\t\t<div class=\"elementor-widget-container\">\n\t\t\t\t\t<div class=\"gum-widget-title\"><h1 class=\"section-main-title size-default\">About Us<\/h1><\/div>\t\t\t\t<\/div>\n\t\t\t\t<\/div>\n\t\t\t\t<div class=\"elementor-element elementor-element-625b34d4 elementor-icon-list--layout-inline animated-slow elementor-list-item-link-full_width elementor-invisible elementor-widget elementor-widget-icon-list\" data-id=\"625b34d4\" data-element_type=\"widget\" data-settings=\"{&quot;_animation&quot;:&quot;fadeInUp&quot;}\" data-widget_type=\"icon-list.default\">\n\t\t\t\t\t\t\t<ul class=\"elementor-icon-list-items elementor-inline-items\">\n\t\t\t\t\t\t\t<li class=\"elementor-icon-list-item elementor-inline-item\">\n\t\t\t\t\t\t\t\t\t\t<span class=\"elementor-icon-list-text\">Home<\/span>\n\t\t\t\t\t\t\t\t\t<\/li>\n\t\t\t\t\t\t\t\t<li class=\"elementor-icon-list-item elementor-inline-item\">\n\t\t\t\t\t\t\t\t\t\t\t<span class=\"elementor-icon-list-icon\">\n\t\t\t\t\t\t\t<i aria-hidden=\"true\" class=\"icon icon-right-arrow1\"><\/i>\t\t\t\t\t\t<\/span>\n\t\t\t\t\t\t\t\t\t\t<span class=\"elementor-icon-list-text\">About Us<\/span>\n\t\t\t\t\t\t\t\t\t<\/li>\n\t\t\t\t\t\t<\/ul>\n\t\t\t\t\t\t<\/div>\n\t\t\t\t<\/div>\n\t\t<div class=\"elementor-element elementor-element-22dce4d e-flex e-con-boxed e-con e-parent\" data-id=\"22dce4d\" data-element_type=\"container\">\n\t\t\t\t\t<div class=\"e-con-inner\">\n\t\t<div class=\"elementor-element elementor-element-3c58a6eb e-con-full e-flex e-con e-child\" data-id=\"3c58a6eb\" data-element_type=\"container\">\n\t\t<div class=\"elementor-element elementor-element-60f86490 e-con-full animated-slow e-flex elementor-invisible e-con e-child\" data-id=\"60f86490\" data-element_type=\"container\" data-settings=\"{&quot;background_background&quot;:&quot;classic&quot;,&quot;animation&quot;:&quot;fadeInUp&quot;}\">\n\t\t\t\t<\/div>\n\t\t\t\t<\/div>\n\t\t<div class=\"elementor-element elementor-element-39a6ca6f e-con-full e-flex e-con e-child\" data-id=\"39a6ca6f\" data-element_type=\"container\">\n\t\t<div class=\"elementor-element elementor-element-20bb604d e-con-full animated-slow e-flex elementor-invisible e-con e-child\" data-id=\"20bb604d\" data-element_type=\"container\" data-settings=\"{&quot;animation&quot;:&quot;fadeInUp&quot;}\">\n\t\t\t\t<div class=\"elementor-element elementor-element-dde542a elementor-widget elementor-widget-heading\" data-id=\"dde542a\" data-element_type=\"widget\" data-widget_type=\"heading.default\">\n\t\t\t\t\t<h2 class=\"elementor-heading-title elementor-size-default\">About Us<\/h2>\t\t\t\t<\/div>\n\t\t\t\t<div class=\"elementor-element elementor-element-6c0a62b elementor-widget elementor-widget-heading\" data-id=\"6c0a62b\" data-element_type=\"widget\" data-widget_type=\"heading.default\">\n\t\t\t\t\t<h2 class=\"elementor-heading-title elementor-size-default\">Committed to your logistics, driven by trust<\/h2>\t\t\t\t<\/div>\n\t\t\t\t<div class=\"elementor-element elementor-element-59614e53 elementor-widget elementor-widget-text-editor\" data-id=\"59614e53\" data-element_type=\"widget\" data-widget_type=\"text-editor.default\">\n\t\t\t\t\t\t\t\t\t<p class=\"translation-block\">In <strong data-start=\"473\" data-end=\"500\">DCS Log\u00edstica y Control<\/strong> we are a team with extensive experience in transportation and warehousing. We offer customized, secure, and efficient solutions, combining technology, punctuality, and a personal touch that guarantees the satisfaction of each client.<\/p>\t\t\t\t\t\t\t\t<\/div>\n\t\t\t\t<\/div>\n\t\t<div class=\"elementor-element elementor-element-74e97d8c e-con-full animated-slow e-flex elementor-invisible e-con e-child\" data-id=\"74e97d8c\" data-element_type=\"container\" data-settings=\"{&quot;animation&quot;:&quot;fadeInUp&quot;}\">\n\t\t\t\t<div class=\"elementor-element elementor-element-3b3cd446 elementor-widget elementor-widget-heading\" data-id=\"3b3cd446\" data-element_type=\"widget\" data-widget_type=\"heading.default\">\n\t\t\t\t\t<h5 class=\"elementor-heading-title elementor-size-default\">More than a decade moving our customers' trust<\/h5>\t\t\t\t<\/div>\n\t\t\t\t<div class=\"elementor-element elementor-element-125cb259 elementor-widget elementor-widget-text-editor\" data-id=\"125cb259\" data-element_type=\"widget\" data-widget_type=\"text-editor.default\">\n\t\t\t\t\t\t\t\t\t<p><em>Quality, experience, and safety are the driving force behind every service.<\/em><\/p>\t\t\t\t\t\t\t\t<\/div>\n\t\t\t\t<\/div>\n\t\t\t\t<\/div>\n\t\t\t\t\t<\/div>\n\t\t\t\t<\/div>\n\t\t<div class=\"elementor-element elementor-element-6579ec75 e-flex e-con-boxed e-con e-parent\" data-id=\"6579ec75\" data-element_type=\"container\" data-settings=\"{&quot;background_background&quot;:&quot;classic&quot;}\">\n\t\t\t\t\t<div class=\"e-con-inner\">\n\t\t<div class=\"elementor-element elementor-element-17618938 e-con-full e-flex e-con e-child\" data-id=\"17618938\" data-element_type=\"container\">\n\t\t<div class=\"elementor-element elementor-element-56196902 e-con-full animated-slow e-flex elementor-invisible e-con e-child\" data-id=\"56196902\" data-element_type=\"container\" data-settings=\"{&quot;animation&quot;:&quot;fadeInUp&quot;}\">\n\t\t\t\t<div class=\"elementor-element elementor-element-6ea0fe6d elementor-widget elementor-widget-heading\" data-id=\"6ea0fe6d\" data-element_type=\"widget\" data-widget_type=\"heading.default\">\n\t\t\t\t\t<h2 class=\"elementor-heading-title elementor-size-default\">BUDGET<\/h2>\t\t\t\t<\/div>\n\t\t\t\t<div class=\"elementor-element elementor-element-4cd25e86 elementor-widget elementor-widget-heading\" data-id=\"4cd25e86\" data-element_type=\"widget\" data-widget_type=\"heading.default\">\n\t\t\t\t\t<h2 class=\"elementor-heading-title elementor-size-default\">Request your logistics quote<\/h2>\t\t\t\t<\/div>\n\t\t\t\t<div class=\"elementor-element elementor-element-be5e72e elementor-widget elementor-widget-text-editor\" data-id=\"be5e72e\" data-element_type=\"widget\" data-widget_type=\"text-editor.default\">\n\t\t\t\t\t\t\t\t\t<p class=\"translation-block\">Find out how at <strong data-start=\"485\" data-end=\"512\">DCS Log\u00edstica y Control<\/strong> we can optimize your shipments and storage with tailored and secure solutions.<\/p>\t\t\t\t\t\t\t\t<\/div>\n\t\t\t\t<\/div>\n\t\t\t\t<\/div>\n\t\t\t\t<div class=\"elementor-element elementor-element-434dce5 elementor-mobile-align-justify elementor-align-center elementor-widget elementor-widget-button\" data-id=\"434dce5\" data-element_type=\"widget\" data-widget_type=\"button.default\">\n\t\t\t\t\t\t\t\t\t\t<a class=\"elementor-button elementor-button-link elementor-size-sm\" href=\"https:\/\/dcslogistica.es\/en\/contacto\/\">\n\t\t\t\t\t\t<span class=\"elementor-button-content-wrapper\">\n\t\t\t\t\t\t\t\t\t<span class=\"elementor-button-text\">Contact us<\/span>\n\t\t\t\t\t<\/span>\n\t\t\t\t\t<\/a>\n\t\t\t\t\t\t\t\t<\/div>\n\t\t\t\t\t<\/div>\n\t\t\t\t<\/div>\n\t\t<div class=\"elementor-element elementor-element-6b3e0f3f e-flex e-con-boxed e-con e-parent\" data-id=\"6b3e0f3f\" data-element_type=\"container\">\n\t\t\t\t\t<div class=\"e-con-inner\">\n\t\t<div class=\"elementor-element elementor-element-34140e96 e-con-full e-flex e-con e-child\" data-id=\"34140e96\" data-element_type=\"container\" data-settings=\"{&quot;background_background&quot;:&quot;classic&quot;}\">\n\t\t<div class=\"elementor-element elementor-element-296c0b50 e-con-full animated-slow e-flex elementor-invisible e-con e-child\" data-id=\"296c0b50\" data-element_type=\"container\" data-settings=\"{&quot;background_background&quot;:&quot;classic&quot;,&quot;animation&quot;:&quot;fadeInUp&quot;}\">\n\t\t<div class=\"elementor-element elementor-element-6af61ad5 e-con-full e-flex e-con e-child\" data-id=\"6af61ad5\" data-element_type=\"container\" data-settings=\"{&quot;animation&quot;:&quot;none&quot;}\">\n\t\t\t\t<div class=\"elementor-element elementor-element-5f28ae35 elementor-widget elementor-widget-heading\" data-id=\"5f28ae35\" data-element_type=\"widget\" data-widget_type=\"heading.default\">\n\t\t\t\t\t<h2 class=\"elementor-heading-title elementor-size-default\">Get going<\/h2>\t\t\t\t<\/div>\n\t\t\t\t<div class=\"elementor-element elementor-element-370b94c2 elementor-widget elementor-widget-heading\" data-id=\"370b94c2\" data-element_type=\"widget\" data-widget_type=\"heading.default\">\n\t\t\t\t\t<h2 class=\"elementor-heading-title elementor-size-default\">Let's get your logistics moving<\/h2>\t\t\t\t<\/div>\n\t\t\t\t<div class=\"elementor-element elementor-element-3936b08c elementor-widget elementor-widget-text-editor\" data-id=\"3936b08c\" data-element_type=\"widget\" data-widget_type=\"text-editor.default\">\n\t\t\t\t\t\t\t\t\t<p>Trust our team to manage your transport and storage with precision, speed and total security.<\/p>\t\t\t\t\t\t\t\t<\/div>\n\t\t\t\t<\/div>\n\t\t\t\t<\/div>\n\t\t\t\t<\/div>\n\t\t\t\t\t<\/div>\n\t\t\t\t<\/div>\n\t\t\t\t<\/div>","protected":false},"excerpt":{"rendered":"<p>Nosotros Inicio Sobre Nosotros SOBRE NOSOTROS Comprometidos con tu log\u00edstica, movidos por la confianza En DCS Log\u00edstica y Control somos un equipo con amplia experiencia en transporte y almacenaje. Ofrecemos soluciones personalizadas, seguras y eficientes, combinando tecnolog\u00eda, puntualidad y un trato cercano que garantiza la satisfacci\u00f3n de cada cliente. M\u00e1s de una d\u00e9cada moviendo la [&hellip;]<\/p>","protected":false},"author":1,"featured_media":0,"parent":0,"menu_order":0,"comment_status":"closed","ping_status":"closed","template":"elementor_header_footer","meta":{"footnotes":""},"class_list":["post-217","page","type-page","status-publish","hentry"],"_links":{"self":[{"href":"https:\/\/dcslogistica.es\/en\/wp-json\/wp\/v2\/pages\/217","targetHints":{"allow":["GET"]}}],"collection":[{"href":"https:\/\/dcslogistica.es\/en\/wp-json\/wp\/v2\/pages"}],"about":[{"href":"https:\/\/dcslogistica.es\/en\/wp-json\/wp\/v2\/types\/page"}],"author":[{"embeddable":true,"href":"https:\/\/dcslogistica.es\/en\/wp-json\/wp\/v2\/users\/1"}],"replies":[{"embeddable":true,"href":"https:\/\/dcslogistica.es\/en\/wp-json\/wp\/v2\/comments?post=217"}],"version-history":[{"count":55,"href":"https:\/\/dcslogistica.es\/en\/wp-json\/wp\/v2\/pages\/217\/revisions"}],"predecessor-version":[{"id":405,"href":"https:\/\/dcslogistica.es\/en\/wp-json\/wp\/v2\/pages\/217\/revisions\/405"}],"wp:attachment":[{"href":"https:\/\/dcslogistica.es\/en\/wp-json\/wp\/v2\/media?parent=217"}],"curies":[{"name":"wp","href":"https:\/\/api.w.org\/{rel}","templated":true}]}}